{"id":63,"date":"2025-01-05T16:50:34","date_gmt":"2025-01-05T16:50:34","guid":{"rendered":"https:\/\/skflyttstadning.com\/?page_id=63"},"modified":"2025-01-05T20:06:09","modified_gmt":"2025-01-05T20:06:09","slug":"varfor-sk-flyttstadning","status":"publish","type":"page","link":"https:\/\/skflyttstadning.com\/index.php\/varfor-sk-flyttstadning\/","title":{"rendered":"Varf\u00f6r v\u00e4lja oss"},"content":{"rendered":"<div id=\"pl-gb63-69e4de385345e\"  class=\"panel-layout\" ><div id=\"pg-gb63-69e4de385345e-0\"  class=\"panel-grid panel-has-style\" ><div class=\"siteorigin-panels-stretch panel-row-style panel-row-style-for-gb63-69e4de385345e-0\" data-stretch-type=\"full\" ><div id=\"pgc-gb63-69e4de385345e-0-0\"  class=\"panel-grid-cell\" ><div id=\"panel-gb63-69e4de385345e-0-0-0\" class=\"so-panel widget widget_sow-features panel-first-child panel-last-child\" data-index=\"0\" ><div\n\t\t\t\n\t\t\tclass=\"so-widget-sow-features so-widget-sow-features-default-935156eda598-63\"\n\t\t\t\n\t\t>\n<div class=\"sow-features-list sow-features-responsive\">\n\n\t\t\t\t\t\t\t\t\t<div\n\t\t\t\tclass=\"sow-features-feature sow-icon-container-position-right\"\n\t\t\t\tstyle=\"display: flex; flex-direction: row; width: calc(33.333% - 25px);\"\n\t\t\t>\n\t\t\t\n\t\t\t\t\t\t\t\t<div\n\t\t\t\t\tclass=\"sow-icon-container sow-container-none\"\n\t\t\t\t\tstyle=\"color: ; \"\n\t\t\t\t\t\t\t\t\t>\n\t\t\t\t\t<span class=\"sow-icon-typicons\" data-sow-icon=\"&#xe127;\"\n\t\tstyle=\"font-size: 48px; color: #2d2d2d\" \n\t\taria-hidden=\"true\"><\/span>\t\t\t\t<\/div>\n\t\t\t\t\n\t\t\t\t<div class=\"textwidget\">\n\t\t\t\t\t\n\t\t\t\t\t\t\t\t\t\t\t<h5>\n\t\t\t\t\t\t\t\n\t\t\t\t\t\t\tTrygg Personal\t\t\t\t\t\t\t\t\t\t\t\t\t<\/h5>\n\t\t\t\t\t\n\t\t\t\t\t\t\t\t\t\t\t<p>Vera pelitliga medarbetare \u00e4r utbildade och sakerhetskontrollerade<\/p>\n\t\t\t\t\t\n\t\t\t\t\t\t\t\t\t<\/div>\n\t\t\t\t\t\t\t\t\n\t\t\t\t\t\t\t<\/div>\n\n\t\t\t\t\t\t\t\t<div\n\t\t\t\tclass=\"sow-features-feature sow-icon-container-position-right\"\n\t\t\t\tstyle=\"display: flex; flex-direction: row; width: calc(33.333% - 25px);\"\n\t\t\t>\n\t\t\t\n\t\t\t\t\t\t\t\t<div\n\t\t\t\t\tclass=\"sow-icon-container sow-container-none\"\n\t\t\t\t\tstyle=\"color: ; \"\n\t\t\t\t\t\t\t\t\t>\n\t\t\t\t\t<span class=\"sow-icon-elegantline\" data-sow-icon=\"&#xe052;\"\n\t\tstyle=\"font-size: 48px; color: #2d2d2d\" \n\t\taria-hidden=\"true\"><\/span>\t\t\t\t<\/div>\n\t\t\t\t\n\t\t\t\t<div class=\"textwidget\">\n\t\t\t\t\t\n\t\t\t\t\t\t\t\t\t\t\t<h5>\n\t\t\t\t\t\t\t\n\t\t\t\t\t\t\tMilj\u00f6v\u00e4nliga Metoder\t\t\t\t\t\t\t\t\t\t\t\t\t<\/h5>\n\t\t\t\t\t\n\t\t\t\t\t\t\t\t\t\t\t<p>Vi anv\u00e4nder giftfria och Milj\u00f6v\u00e4nliga produkter f\u00f6r en saker milj\u00f6.<\/p>\n\t\t\t\t\t\n\t\t\t\t\t\t\t\t\t<\/div>\n\t\t\t\t\t\t\t\t\n\t\t\t\t\t\t\t<\/div>\n\n\t\t\t\t\t\t\t\t<div\n\t\t\t\tclass=\"sow-features-feature sow-icon-container-position-right\"\n\t\t\t\tstyle=\"display: flex; flex-direction: row; width: calc(33.333% - 25px);\"\n\t\t\t>\n\t\t\t\n\t\t\t\t\t\t\t\t<div\n\t\t\t\t\tclass=\"sow-icon-container sow-container-none\"\n\t\t\t\t\tstyle=\"color: ; \"\n\t\t\t\t\t\t\t\t\t>\n\t\t\t\t\t\t\t\t\t<\/div>\n\t\t\t\t\n\t\t\t\t<div class=\"textwidget\">\n\t\t\t\t\t\n\t\t\t\t\t\n\t\t\t\t\t\t\t\t\t\t\t<p><img loading=\"lazy\" decoding=\"async\" class=\"alignnone wp-image-78\" src=\"https:\/\/skflyttstadning.com\/wp-content\/uploads\/2025\/01\/trappstad-i-Halmstad-1024x1024.jpg\" alt=\"\" width=\"300\" height=\"300\" srcset=\"https:\/\/skflyttstadning.com\/wp-content\/uploads\/2025\/01\/trappstad-i-Halmstad-1024x1024.jpg 1024w, https:\/\/skflyttstadning.com\/wp-content\/uploads\/2025\/01\/trappstad-i-Halmstad-300x300.jpg 300w, https:\/\/skflyttstadning.com\/wp-content\/uploads\/2025\/01\/trappstad-i-Halmstad-150x150.jpg 150w, https:\/\/skflyttstadning.com\/wp-content\/uploads\/2025\/01\/trappstad-i-Halmstad-768x768.jpg 768w, https:\/\/skflyttstadning.com\/wp-content\/uploads\/2025\/01\/trappstad-i-Halmstad-500x500.jpg 500w, https:\/\/skflyttstadning.com\/wp-content\/uploads\/2025\/01\/trappstad-i-Halmstad.jpg 1500w\" sizes=\"auto, (max-width: 300px) 100vw, 300px\" \/><\/p>\n\t\t\t\t\t\n\t\t\t\t\t\t\t\t\t<\/div>\n\t\t\t\t\t\t\t\t\n\t\t\t\t\t\t\t<\/div>\n\n\t\t\t\t\t\t\t\t<div\n\t\t\t\tclass=\"sow-features-feature sow-icon-container-position-right\"\n\t\t\t\tstyle=\"display: flex; flex-direction: row; width: calc(33.333% - 25px);\"\n\t\t\t>\n\t\t\t\n\t\t\t\t\t\t\t\t<div\n\t\t\t\t\tclass=\"sow-icon-container sow-container-none\"\n\t\t\t\t\tstyle=\"color: ; \"\n\t\t\t\t\t\t\t\t\t>\n\t\t\t\t\t<span class=\"sow-icon-ionicons\" data-sow-icon=\"&#xf36c;\"\n\t\tstyle=\"font-size: 48px; color: #2d2d2d\" \n\t\taria-hidden=\"true\"><\/span>\t\t\t\t<\/div>\n\t\t\t\t\n\t\t\t\t<div class=\"textwidget\">\n\t\t\t\t\t\n\t\t\t\t\t\t\t\t\t\t\t<h5>\n\t\t\t\t\t\t\t\n\t\t\t\t\t\t\tAnpassade L\u00f6sningar\t\t\t\t\t\t\t\t\t\t\t\t\t<\/h5>\n\t\t\t\t\t\n\t\t\t\t\t\t\t\t\t\t\t<p>Vi skr\u00e4ddarsyr st\u00e4dningen efter ditt schema och behov.<\/p>\n\t\t\t\t\t\n\t\t\t\t\t\t\t\t\t<\/div>\n\t\t\t\t\t\t\t\t\n\t\t\t\t\t\t\t<\/div>\n\n\t\t\t\t\t\t\t\t<div\n\t\t\t\tclass=\"sow-features-feature sow-icon-container-position-right\"\n\t\t\t\tstyle=\"display: flex; flex-direction: row; width: calc(33.333% - 25px);\"\n\t\t\t>\n\t\t\t\n\t\t\t\t\t\t\t\t<div\n\t\t\t\t\tclass=\"sow-icon-container sow-container-none\"\n\t\t\t\t\tstyle=\"color: ; \"\n\t\t\t\t\t\t\t\t\t>\n\t\t\t\t\t<span class=\"sow-icon-fontawesome sow-far\" data-sow-icon=\"&#xf445;\"\n\t\tstyle=\"font-size: 48px; color: #2d2d2d\" \n\t\taria-hidden=\"true\"><\/span>\t\t\t\t<\/div>\n\t\t\t\t\n\t\t\t\t<div class=\"textwidget\">\n\t\t\t\t\t\n\t\t\t\t\t\t\t\t\t\t\t<h5>\n\t\t\t\t\t\t\t\n\t\t\t\t\t\t\tH\u00f6g Kvalitet\t\t\t\t\t\t\t\t\t\t\t\t\t<\/h5>\n\t\t\t\t\t\n\t\t\t\t\t\t\t\t\t\t\t<p>Vi levererar alltid noggrant och fl\u00e4ckfritt resultat med professionell utrustning.<\/p>\n\t\t\t\t\t\n\t\t\t\t\t\t\t\t\t<\/div>\n\t\t\t\t\t\t\t\t\n\t\t\t\t\t\t\t<\/div>\n\n\t\t\t\t\t\t\t\t<div\n\t\t\t\tclass=\"sow-features-feature sow-icon-container-position-right\"\n\t\t\t\tstyle=\"display: flex; flex-direction: row; width: calc(33.333% - 25px);\"\n\t\t\t>\n\t\t\t\n\t\t\t\t\t\t\t\t<div\n\t\t\t\t\tclass=\"sow-icon-container sow-container-none\"\n\t\t\t\t\tstyle=\"color: ; \"\n\t\t\t\t\t\t\t\t\t>\n\t\t\t\t\t\t\t\t\t<\/div>\n\t\t\t\t\n\t\t\t\t<div class=\"textwidget\">\n\t\t\t\t\t\n\t\t\t\t\t\n\t\t\t\t\t\t\t\t\t\t\t<p><img loading=\"lazy\" decoding=\"async\" class=\"alignnone wp-image-41 size-medium\" src=\"https:\/\/skflyttstadning.com\/wp-content\/uploads\/2024\/12\/depositphotos_355770670-stock-photo-cropped-view-cleaner-rubber-gloves-2-300x200.webp\" alt=\"\" width=\"300\" height=\"200\" srcset=\"https:\/\/skflyttstadning.com\/wp-content\/uploads\/2024\/12\/depositphotos_355770670-stock-photo-cropped-view-cleaner-rubber-gloves-2-300x200.webp 300w, https:\/\/skflyttstadning.com\/wp-content\/uploads\/2024\/12\/depositphotos_355770670-stock-photo-cropped-view-cleaner-rubber-gloves-2-263x174.webp 263w, https:\/\/skflyttstadning.com\/wp-content\/uploads\/2024\/12\/depositphotos_355770670-stock-photo-cropped-view-cleaner-rubber-gloves-2-272x182.webp 272w, https:\/\/skflyttstadning.com\/wp-content\/uploads\/2024\/12\/depositphotos_355770670-stock-photo-cropped-view-cleaner-rubber-gloves-2.webp 600w\" sizes=\"auto, (max-width: 300px) 100vw, 300px\" \/><\/p>\n\t\t\t\t\t\n\t\t\t\t\t\t\t\t\t<\/div>\n\t\t\t\t\t\t\t\t\n\t\t\t\t\t\t\t<\/div>\n\n\t\t\t\n<\/div>\n<\/div><\/div><\/div><\/div><\/div><\/div>\n\n<div id=\"pl-gb63-69e4de3854189\"  class=\"panel-layout\" ><div id=\"pg-gb63-69e4de3854189-0\"  class=\"panel-grid panel-has-style\" ><div class=\"siteorigin-panels-stretch panel-row-style panel-row-style-for-gb63-69e4de3854189-0\" data-stretch-type=\"full\" ><div id=\"pgc-gb63-69e4de3854189-0-0\"  class=\"panel-grid-cell\" ><div id=\"panel-gb63-69e4de3854189-0-0-0\" class=\"so-panel widget widget_sow-headline panel-first-child\" data-index=\"0\" ><div\n\t\t\t\n\t\t\tclass=\"so-widget-sow-headline so-widget-sow-headline-default-b71fce87a7d6-63 so-widget-fittext-wrapper\"\n\t\t\t data-fit-text-compressor=\"0.85\"\n\t\t><div class=\"sow-headline-container \">\n\t\t\t\t\t\t\t<h2 class=\"sow-headline\">\n\t\t\t\t\t\tSend Us a Message\t\t\t\t\t\t<\/h2>\n\t\t\t\t\t\t<\/div>\n<\/div><\/div><div id=\"panel-gb63-69e4de3854189-0-0-1\" class=\"so-panel widget widget_sow-contact-form panel-last-child\" data-index=\"1\" ><div\n\t\t\t\n\t\t\tclass=\"so-widget-sow-contact-form so-widget-sow-contact-form-default-461cbe08e7be-63\"\n\t\t\t\n\t\t>\t<form\n\t\taction=\"\/index.php\/wp-json\/wp\/v2\/pages\/63\"\n\t\tmethod=\"POST\"\n\t\tclass=\"sow-contact-form\"\n\t\tid=\"contact-form-624b\"\n\t>\n\n\t\t\n\t\t\t\t\t<div class=\"sow-form-field sow-form-field-name\">\n\t\t\t\t<label class=\"sow-form-field-label-above\" for=\"sow-contact-form-field-your-name-562e5fae0271d\">\n\t\t\t\t<strong>\n\t\t\t\t\tYour Name\t\t\t\t\t\t\t\t\t<\/strong>\n\t\t\t<\/label>\n\t\t\t\t\t\t\t<span class=\"sow-field-container\">\n\t\t\t\t\t\t\t<input\n\t\t\ttype=\"text\"\n\t\t\tname=\"your-name-562e5fae0271d\"\n\t\t\tid=\"sow-contact-form-field-your-name-562e5fae0271d\"\n\t\t\tvalue=\"\"\n\t\t\tclass=\"sow-text-field\"\n\t\t\t\t\t\/>\n\t\t\t\t\t\t<\/span>\n\t\t\t\t\t\t\t<\/div>\n\t\t\t\t\t\t<div class=\"sow-form-field sow-form-field-email\">\n\t\t\t\t<label class=\"sow-form-field-label-above\" for=\"sow-contact-form-field-your-email-562e5fae0271d\">\n\t\t\t\t<strong>\n\t\t\t\t\tYour Email\t\t\t\t\t\t\t\t\t<\/strong>\n\t\t\t<\/label>\n\t\t\t\t\t\t\t<span class=\"sow-field-container\">\n\t\t\t\t\t\t\t<input\n\t\t\ttype=\"email\"\n\t\t\tname=\"your-email-562e5fae0271d\"\n\t\t\tid=\"sow-contact-form-field-your-email-562e5fae0271d\"\n\t\t\tvalue=\"\"\n\t\t\tclass=\"sow-text-field\"\t\t\t\t\t\t\t\t\/>\n\t\t\t\t\t\t<\/span>\n\t\t\t\t\t\t\t<\/div>\n\t\t\t\t\t\t<div class=\"sow-form-field sow-form-field-subject\">\n\t\t\t\t<label class=\"sow-form-field-label-above\" for=\"sow-contact-form-field-subject-562e5fae0271d\">\n\t\t\t\t<strong>\n\t\t\t\t\tSubject\t\t\t\t\t\t\t\t\t<\/strong>\n\t\t\t<\/label>\n\t\t\t\t\t\t\t<span class=\"sow-field-container\">\n\t\t\t\t\t\t\t<input\n\t\t\ttype=\"text\"\n\t\t\tname=\"subject-562e5fae0271d\"\n\t\t\tid=\"sow-contact-form-field-subject-562e5fae0271d\"\n\t\t\tvalue=\"\"\n\t\t\tclass=\"sow-text-field\"\n\t\t\t\t\t\t\t\t\/>\n\t\t\t\t\t\t<\/span>\n\t\t\t\t\t\t\t<\/div>\n\t\t\t\t\t\t<div class=\"sow-form-field sow-form-field-textarea\">\n\t\t\t\t<label class=\"sow-form-field-label-above\" for=\"sow-contact-form-field-message-562e5fae0271d\">\n\t\t\t\t<strong>\n\t\t\t\t\tMessage\t\t\t\t\t\t\t\t\t<\/strong>\n\t\t\t<\/label>\n\t\t\t\t\t\t\t<span class=\"sow-field-container\">\n\t\t\t\t\t\t\t<textarea\n\t\t\tname=\"message-562e5fae0271d\"\n\t\t\tid=\"sow-contact-form-field-message-562e5fae0271d\"\n\t\t\trows=\"10\"\n\t\t\t\t\t\t\t\t><\/textarea>\n\t\t\t\t\t\t<\/span>\n\t\t\t\t\t\t\t<\/div>\n\t\t\t\n\t\t\n\t\t<div class=\"sow-submit-wrapper \">\n\n\t\t\t<button\n\t\t\t\ttype=\"submit\"\n\t\t\t\tclass=\"sow-submit\"\n\t\t\t\t\t\t\t>\n\t\t\t\tContact Us\t\t\t<\/button>\n\t\t<\/div>\n\t\t\t\t<input type=\"hidden\" name=\"instance_hash\" value=\"624baa9b459c7cf3f284994406d80a64\" \/>\n\t\t<input type=\"hidden\" id=\"_wpnonce\" name=\"_wpnonce\" value=\"6c29f98457\" \/><input type=\"hidden\" name=\"_wp_http_referer\" value=\"\/index.php\/wp-json\/wp\/v2\/pages\/63\" \/>\t<\/form>\n\t<\/div><\/div><\/div><div id=\"pgc-gb63-69e4de3854189-0-1\"  class=\"panel-grid-cell\" ><div id=\"panel-gb63-69e4de3854189-0-1-0\" class=\"so-panel widget widget_sow-headline panel-first-child\" data-index=\"2\" ><div\n\t\t\t\n\t\t\tclass=\"so-widget-sow-headline so-widget-sow-headline-default-b71fce87a7d6-63\"\n\t\t\t\n\t\t><div class=\"sow-headline-container \">\n\t\t\t\t\t\t\t<h2 class=\"sow-headline\">\n\t\t\t\t\t\tKontakt Information\t\t\t\t\t\t<\/h2>\n\t\t\t\t\t\t<\/div>\n<\/div><\/div><div id=\"panel-gb63-69e4de3854189-0-1-1\" class=\"so-panel widget widget_sow-editor\" data-index=\"3\" ><div\n\t\t\t\n\t\t\tclass=\"so-widget-sow-editor so-widget-sow-editor-base\"\n\t\t\t\n\t\t>\n<div class=\"siteorigin-widget-tinymce textwidget\">\n\t<p><em><span style=\"color: #818181;\">Skflyttst\u00e4dning<\/span><\/em><br \/>\n<em><span style=\"color: #818181;\">Umea, Sofihemsvagen 71<\/span><\/em><br \/>\n<em><span style=\"color: #818181;\">Sweden<\/span><\/em><br \/>\n<em><span style=\"color: #818181;\">90738<\/span><\/em><br \/>\n<em><span style=\"color: #818181;\">072-2890134<\/span><\/em><br \/>\n<em><span style=\"color: #818181;\">info@Skflyttstadning.com<\/span><\/em><\/p>\n<\/div>\n<\/div><\/div><div id=\"panel-gb63-69e4de3854189-0-1-2\" class=\"so-panel widget widget_sow-social-media-buttons panel-last-child\" data-index=\"4\" ><div\n\t\t\t\n\t\t\tclass=\"so-widget-sow-social-media-buttons so-widget-sow-social-media-buttons-flat-65b5a9d95efd-63\"\n\t\t\t\n\t\t>\n\n<div class=\"social-media-button-container\">\n\t\n\t\t<a class=\"ow-button-hover sow-social-media-button-facebook-0 sow-social-media-button\" title=\"SKflyttst\u00e4dning on Facebook\" aria-label=\"SKflyttst\u00e4dning on Facebook\" target=\"_blank\" rel=\"noopener noreferrer\" href=\"https:\/\/www.facebook.com\/\" >\n\t\t\t<span>\n\t\t\t\t\t\t\t\t<span class=\"sow-icon-fontawesome sow-fab\" data-sow-icon=\"&#xf39e;\"\n\t\t \n\t\taria-hidden=\"true\"><\/span>\t\t\t\t\t\t\t<\/span>\n\t\t<\/a>\n\t\n\t\t<a class=\"ow-button-hover sow-social-media-button-x-twitter-0 sow-social-media-button\" title=\"SKflyttst\u00e4dning on X Twitter\" aria-label=\"SKflyttst\u00e4dning on X Twitter\" target=\"_blank\" rel=\"noopener noreferrer\" href=\"https:\/\/twitter.com\/\" >\n\t\t\t<span>\n\t\t\t\t\t\t\t\t<span class=\"sow-icon-fontawesome sow-fab\" data-sow-icon=\"&#xe61b;\"\n\t\t \n\t\taria-hidden=\"true\"><\/span>\t\t\t\t\t\t\t<\/span>\n\t\t<\/a>\n\t\n\t\t<a class=\"ow-button-hover sow-social-media-button-instagram-0 sow-social-media-button\" title=\"SKflyttst\u00e4dning on Instagram\" aria-label=\"SKflyttst\u00e4dning on Instagram\" target=\"_blank\" rel=\"noopener noreferrer\" href=\"https:\/\/instagram.com\/\" >\n\t\t\t<span>\n\t\t\t\t\t\t\t\t<span class=\"sow-icon-fontawesome sow-fab\" data-sow-icon=\"&#xf16d;\"\n\t\t \n\t\taria-hidden=\"true\"><\/span>\t\t\t\t\t\t\t<\/span>\n\t\t<\/a>\n\t\n\t\t<a class=\"ow-button-hover sow-social-media-button-envelope-0 sow-social-media-button\" title=\"SKflyttst\u00e4dning on Envelope\" aria-label=\"SKflyttst\u00e4dning on Envelope\" target=\"_blank\" rel=\"noopener noreferrer\" href=\"mailto:\" >\n\t\t\t<span>\n\t\t\t\t\t\t\t\t<span class=\"sow-icon-fontawesome sow-fas\" data-sow-icon=\"&#xf0e0;\"\n\t\t \n\t\taria-hidden=\"true\"><\/span>\t\t\t\t\t\t\t<\/span>\n\t\t<\/a>\n\t<\/div>\n<\/div><\/div><\/div><\/div><\/div><\/div>","protected":false},"excerpt":{"rendered":"","protected":false},"author":1,"featured_media":0,"parent":0,"menu_order":0,"comment_status":"closed","ping_status":"closed","template":"","meta":{"footnotes":""},"class_list":["post-63","page","type-page","status-publish","hentry","post"],"yoast_head":"<!-- This site is optimized with the Yoast SEO plugin v24.0 - https:\/\/yoast.com\/wordpress\/plugins\/seo\/ -->\n<title>Varf\u00f6r v\u00e4lja oss - SKflyttst\u00e4dning<\/title>\n<meta name=\"robots\" content=\"index, follow, max-snippet:-1, max-image-preview:large, max-video-preview:-1\" \/>\n<link rel=\"canonical\" href=\"https:\/\/skflyttstadning.com\/index.php\/varfor-sk-flyttstadning\/\" \/>\n<meta property=\"og:locale\" content=\"en_US\" \/>\n<meta property=\"og:type\" content=\"article\" \/>\n<meta property=\"og:title\" content=\"Varf\u00f6r v\u00e4lja oss - SKflyttst\u00e4dning\" \/>\n<meta property=\"og:url\" content=\"https:\/\/skflyttstadning.com\/index.php\/varfor-sk-flyttstadning\/\" \/>\n<meta property=\"og:site_name\" content=\"SKflyttst\u00e4dning\" \/>\n<meta property=\"article:modified_time\" content=\"2025-01-05T20:06:09+00:00\" \/>\n<meta name=\"twitter:card\" content=\"summary_large_image\" \/>\n<meta name=\"twitter:label1\" content=\"Est. reading time\" \/>\n\t<meta name=\"twitter:data1\" content=\"1 minute\" \/>\n<script type=\"application\/ld+json\" class=\"yoast-schema-graph\">{\"@context\":\"https:\/\/schema.org\",\"@graph\":[{\"@type\":\"WebPage\",\"@id\":\"https:\/\/skflyttstadning.com\/index.php\/varfor-sk-flyttstadning\/\",\"url\":\"https:\/\/skflyttstadning.com\/index.php\/varfor-sk-flyttstadning\/\",\"name\":\"Varf\u00f6r v\u00e4lja oss - SKflyttst\u00e4dning\",\"isPartOf\":{\"@id\":\"https:\/\/skflyttstadning.com\/#website\"},\"datePublished\":\"2025-01-05T16:50:34+00:00\",\"dateModified\":\"2025-01-05T20:06:09+00:00\",\"breadcrumb\":{\"@id\":\"https:\/\/skflyttstadning.com\/index.php\/varfor-sk-flyttstadning\/#breadcrumb\"},\"inLanguage\":\"en-US\",\"potentialAction\":[{\"@type\":\"ReadAction\",\"target\":[\"https:\/\/skflyttstadning.com\/index.php\/varfor-sk-flyttstadning\/\"]}]},{\"@type\":\"BreadcrumbList\",\"@id\":\"https:\/\/skflyttstadning.com\/index.php\/varfor-sk-flyttstadning\/#breadcrumb\",\"itemListElement\":[{\"@type\":\"ListItem\",\"position\":1,\"name\":\"Home\",\"item\":\"https:\/\/skflyttstadning.com\/\"},{\"@type\":\"ListItem\",\"position\":2,\"name\":\"Varf\u00f6r v\u00e4lja oss\"}]},{\"@type\":\"WebSite\",\"@id\":\"https:\/\/skflyttstadning.com\/#website\",\"url\":\"https:\/\/skflyttstadning.com\/\",\"name\":\"SKflyttst\u00e4dning\",\"description\":\"Your Trusted Cleaning Partner in Sweden\",\"potentialAction\":[{\"@type\":\"SearchAction\",\"target\":{\"@type\":\"EntryPoint\",\"urlTemplate\":\"https:\/\/skflyttstadning.com\/?s={search_term_string}\"},\"query-input\":{\"@type\":\"PropertyValueSpecification\",\"valueRequired\":true,\"valueName\":\"search_term_string\"}}],\"inLanguage\":\"en-US\"}]}<\/script>\n<!-- \/ Yoast SEO plugin. -->","yoast_head_json":{"title":"Varf\u00f6r v\u00e4lja oss - SKflyttst\u00e4dning","robots":{"index":"index","follow":"follow","max-snippet":"max-snippet:-1","max-image-preview":"max-image-preview:large","max-video-preview":"max-video-preview:-1"},"canonical":"https:\/\/skflyttstadning.com\/index.php\/varfor-sk-flyttstadning\/","og_locale":"en_US","og_type":"article","og_title":"Varf\u00f6r v\u00e4lja oss - SKflyttst\u00e4dning","og_url":"https:\/\/skflyttstadning.com\/index.php\/varfor-sk-flyttstadning\/","og_site_name":"SKflyttst\u00e4dning","article_modified_time":"2025-01-05T20:06:09+00:00","twitter_card":"summary_large_image","twitter_misc":{"Est. reading time":"1 minute"},"schema":{"@context":"https:\/\/schema.org","@graph":[{"@type":"WebPage","@id":"https:\/\/skflyttstadning.com\/index.php\/varfor-sk-flyttstadning\/","url":"https:\/\/skflyttstadning.com\/index.php\/varfor-sk-flyttstadning\/","name":"Varf\u00f6r v\u00e4lja oss - SKflyttst\u00e4dning","isPartOf":{"@id":"https:\/\/skflyttstadning.com\/#website"},"datePublished":"2025-01-05T16:50:34+00:00","dateModified":"2025-01-05T20:06:09+00:00","breadcrumb":{"@id":"https:\/\/skflyttstadning.com\/index.php\/varfor-sk-flyttstadning\/#breadcrumb"},"inLanguage":"en-US","potentialAction":[{"@type":"ReadAction","target":["https:\/\/skflyttstadning.com\/index.php\/varfor-sk-flyttstadning\/"]}]},{"@type":"BreadcrumbList","@id":"https:\/\/skflyttstadning.com\/index.php\/varfor-sk-flyttstadning\/#breadcrumb","itemListElement":[{"@type":"ListItem","position":1,"name":"Home","item":"https:\/\/skflyttstadning.com\/"},{"@type":"ListItem","position":2,"name":"Varf\u00f6r v\u00e4lja oss"}]},{"@type":"WebSite","@id":"https:\/\/skflyttstadning.com\/#website","url":"https:\/\/skflyttstadning.com\/","name":"SKflyttst\u00e4dning","description":"Your Trusted Cleaning Partner in Sweden","potentialAction":[{"@type":"SearchAction","target":{"@type":"EntryPoint","urlTemplate":"https:\/\/skflyttstadning.com\/?s={search_term_string}"},"query-input":{"@type":"PropertyValueSpecification","valueRequired":true,"valueName":"search_term_string"}}],"inLanguage":"en-US"}]}},"_links":{"self":[{"href":"https:\/\/skflyttstadning.com\/index.php\/wp-json\/wp\/v2\/pages\/63","targetHints":{"allow":["GET"]}}],"collection":[{"href":"https:\/\/skflyttstadning.com\/index.php\/wp-json\/wp\/v2\/pages"}],"about":[{"href":"https:\/\/skflyttstadning.com\/index.php\/wp-json\/wp\/v2\/types\/page"}],"author":[{"embeddable":true,"href":"https:\/\/skflyttstadning.com\/index.php\/wp-json\/wp\/v2\/users\/1"}],"replies":[{"embeddable":true,"href":"https:\/\/skflyttstadning.com\/index.php\/wp-json\/wp\/v2\/comments?post=63"}],"version-history":[{"count":23,"href":"https:\/\/skflyttstadning.com\/index.php\/wp-json\/wp\/v2\/pages\/63\/revisions"}],"predecessor-version":[{"id":151,"href":"https:\/\/skflyttstadning.com\/index.php\/wp-json\/wp\/v2\/pages\/63\/revisions\/151"}],"wp:attachment":[{"href":"https:\/\/skflyttstadning.com\/index.php\/wp-json\/wp\/v2\/media?parent=63"}],"curies":[{"name":"wp","href":"https:\/\/api.w.org\/{rel}","templated":true}]}}