{"id":26,"date":"2024-12-06T17:40:23","date_gmt":"2024-12-06T17:40:23","guid":{"rendered":"https:\/\/skflyttstadning.com\/?page_id=26"},"modified":"2025-01-05T20:07:32","modified_gmt":"2025-01-05T20:07:32","slug":"home","status":"publish","type":"page","link":"https:\/\/skflyttstadning.com\/index.php\/home\/","title":{"rendered":"Tj\u00e4nster"},"content":{"rendered":"\n<div class=\"wp-block-columns is-layout-flex wp-container-core-columns-is-layout-9d6595d7 wp-block-columns-is-layout-flex\">\n<div class=\"wp-block-column is-layout-flow wp-block-column-is-layout-flow\">\n<figure class=\"wp-block-image size-large\"><img decoding=\"async\" src=\"https:\/\/jashodacleaningservices.se\/wp-content\/uploads\/2024\/10\/window-cleaning-1024x683.webp\" alt=\"\"\/><\/figure>\n<\/div>\n\n\n\n<div class=\"wp-block-column is-layout-flow wp-block-column-is-layout-flow\">\n<h2 class=\"wp-block-heading\">F\u00f6nsterputsning<\/h2>\n\n\n\n<p>V\u00e5rt professionella team tar hand om dina f\u00f6nster med expertis och noggrannhet, vilket ger dig en felfri utsikt. L\u00e5t oss g\u00f6ra dina f\u00f6nster krispigt rena och njut av en klarare vardag.<\/p>\n<\/div>\n<\/div>\n\n\n\n<div class=\"wp-block-columns is-layout-flex wp-container-core-columns-is-layout-9d6595d7 wp-block-columns-is-layout-flex\">\n<div class=\"wp-block-column is-layout-flow wp-block-column-is-layout-flow\">\n<figure class=\"wp-block-image size-large\"><img decoding=\"async\" src=\"https:\/\/jashodacleaningservices.se\/wp-content\/uploads\/2024\/10\/cleanzonejpg-01-1024x683.jpg\" alt=\"\"\/><\/figure>\n<\/div>\n\n\n\n<div class=\"wp-block-column is-layout-flow wp-block-column-is-layout-flow\">\n<h2 class=\"wp-block-heading\">Flyttst\u00e4dning<\/h2>\n\n\n\n<p>V\u00e5r flyttst\u00e4dningstj\u00e4nst tar hand om all reng\u00f6ring n\u00e4r du flyttar, s\u00e5 att du kan fokusera p\u00e5 det viktiga &#8211; din nya b\u00f6rjan. Vi l\u00e4mnar ditt gamla hem i perfekt skick och s\u00e4kerst\u00e4ller en smidig \u00f6verg\u00e5ng till din nya plats.<\/p>\n<\/div>\n<\/div>\n\n\n\n<div class=\"wp-block-columns is-layout-flex wp-container-core-columns-is-layout-9d6595d7 wp-block-columns-is-layout-flex\">\n<div class=\"wp-block-column is-layout-flow wp-block-column-is-layout-flow\">\n<figure class=\"wp-block-image size-large\"><img decoding=\"async\" src=\"https:\/\/jashodacleaningservices.se\/wp-content\/uploads\/2024\/10\/cleanzonejpg-02-1024x683.jpg\" alt=\"\"\/><\/figure>\n<\/div>\n\n\n\n<div class=\"wp-block-column is-layout-flow wp-block-column-is-layout-flow\">\n<h2 class=\"wp-block-heading\">Kontorsst\u00e4dning<\/h2>\n\n\n\n<p>V\u00e5ra kontorsst\u00e4dtj\u00e4nster h\u00e5ller din arbetsplats ren och fr\u00e4sch, skapar en trivsam milj\u00f6 som fr\u00e4mjar produktivitet och v\u00e4lbefinnande. L\u00e5t oss ta hand om st\u00e4dningen, s\u00e5 kan du fokusera p\u00e5 ditt arbete och trivas i en ren och organiserad kontorsmilj\u00f6.<\/p>\n<\/div>\n<\/div>\n\n\n\n<div class=\"wp-block-columns is-layout-flex wp-container-core-columns-is-layout-9d6595d7 wp-block-columns-is-layout-flex\">\n<div class=\"wp-block-column is-layout-flow wp-block-column-is-layout-flow\">\n<figure class=\"wp-block-image size-large is-resized\"><img decoding=\"async\" src=\"https:\/\/encrypted-tbn0.gstatic.com\/images?q=tbn:ANd9GcQoN3TmivHDSyZwONy2XQeW4R5jljLTw-_T8Q&amp;s\" alt=\"\" style=\"width:420px;height:auto\"\/><\/figure>\n<\/div>\n\n\n\n<div class=\"wp-block-column is-layout-flow wp-block-column-is-layout-flow\">\n<h2 class=\"wp-block-heading\">Hemst\u00e4dning<\/h2>\n\n\n\n<p>St\u00e4dtj\u00e4nster h\u00e5ller ditt hem rent och fr\u00e4scht och skapar en trevlig milj\u00f6 att bo p\u00e5.<\/p>\n<\/div>\n<\/div>\n\n\n<div id=\"pl-gb26-69e4de75e6a8b\"  class=\"panel-layout\" ><div id=\"pg-gb26-69e4de75e6a8b-0\"  class=\"panel-grid panel-has-style\" ><div class=\"siteorigin-panels-stretch panel-row-style panel-row-style-for-gb26-69e4de75e6a8b-0\" data-stretch-type=\"full\" ><div id=\"pgc-gb26-69e4de75e6a8b-0-0\"  class=\"panel-grid-cell\" ><div id=\"panel-gb26-69e4de75e6a8b-0-0-0\" class=\"so-panel widget widget_sow-headline panel-first-child\" data-index=\"0\" ><div\n\t\t\t\n\t\t\tclass=\"so-widget-sow-headline so-widget-sow-headline-default-b71fce87a7d6-26 so-widget-fittext-wrapper\"\n\t\t\t data-fit-text-compressor=\"0.85\"\n\t\t><div class=\"sow-headline-container \">\n\t\t\t\t\t\t\t<h2 class=\"sow-headline\">\n\t\t\t\t\t\tSend Us a Message\t\t\t\t\t\t<\/h2>\n\t\t\t\t\t\t<\/div>\n<\/div><\/div><div id=\"panel-gb26-69e4de75e6a8b-0-0-1\" class=\"so-panel widget widget_sow-contact-form panel-last-child\" data-index=\"1\" ><div\n\t\t\t\n\t\t\tclass=\"so-widget-sow-contact-form so-widget-sow-contact-form-default-461cbe08e7be-26\"\n\t\t\t\n\t\t>\t<form\n\t\taction=\"\/index.php\/wp-json\/wp\/v2\/pages\/26\"\n\t\tmethod=\"POST\"\n\t\tclass=\"sow-contact-form\"\n\t\tid=\"contact-form-624b\"\n\t>\n\n\t\t\n\t\t\t\t\t<div class=\"sow-form-field sow-form-field-name\">\n\t\t\t\t<label class=\"sow-form-field-label-above\" for=\"sow-contact-form-field-your-name-562e5fae0271d\">\n\t\t\t\t<strong>\n\t\t\t\t\tYour Name\t\t\t\t\t\t\t\t\t<\/strong>\n\t\t\t<\/label>\n\t\t\t\t\t\t\t<span class=\"sow-field-container\">\n\t\t\t\t\t\t\t<input\n\t\t\ttype=\"text\"\n\t\t\tname=\"your-name-562e5fae0271d\"\n\t\t\tid=\"sow-contact-form-field-your-name-562e5fae0271d\"\n\t\t\tvalue=\"\"\n\t\t\tclass=\"sow-text-field\"\n\t\t\t\t\t\/>\n\t\t\t\t\t\t<\/span>\n\t\t\t\t\t\t\t<\/div>\n\t\t\t\t\t\t<div class=\"sow-form-field sow-form-field-email\">\n\t\t\t\t<label class=\"sow-form-field-label-above\" for=\"sow-contact-form-field-your-email-562e5fae0271d\">\n\t\t\t\t<strong>\n\t\t\t\t\tYour Email\t\t\t\t\t\t\t\t\t<\/strong>\n\t\t\t<\/label>\n\t\t\t\t\t\t\t<span class=\"sow-field-container\">\n\t\t\t\t\t\t\t<input\n\t\t\ttype=\"email\"\n\t\t\tname=\"your-email-562e5fae0271d\"\n\t\t\tid=\"sow-contact-form-field-your-email-562e5fae0271d\"\n\t\t\tvalue=\"\"\n\t\t\tclass=\"sow-text-field\"\t\t\t\t\t\t\t\t\/>\n\t\t\t\t\t\t<\/span>\n\t\t\t\t\t\t\t<\/div>\n\t\t\t\t\t\t<div class=\"sow-form-field sow-form-field-subject\">\n\t\t\t\t<label class=\"sow-form-field-label-above\" for=\"sow-contact-form-field-subject-562e5fae0271d\">\n\t\t\t\t<strong>\n\t\t\t\t\tSubject\t\t\t\t\t\t\t\t\t<\/strong>\n\t\t\t<\/label>\n\t\t\t\t\t\t\t<span class=\"sow-field-container\">\n\t\t\t\t\t\t\t<input\n\t\t\ttype=\"text\"\n\t\t\tname=\"subject-562e5fae0271d\"\n\t\t\tid=\"sow-contact-form-field-subject-562e5fae0271d\"\n\t\t\tvalue=\"\"\n\t\t\tclass=\"sow-text-field\"\n\t\t\t\t\t\t\t\t\/>\n\t\t\t\t\t\t<\/span>\n\t\t\t\t\t\t\t<\/div>\n\t\t\t\t\t\t<div class=\"sow-form-field sow-form-field-textarea\">\n\t\t\t\t<label class=\"sow-form-field-label-above\" for=\"sow-contact-form-field-message-562e5fae0271d\">\n\t\t\t\t<strong>\n\t\t\t\t\tMessage\t\t\t\t\t\t\t\t\t<\/strong>\n\t\t\t<\/label>\n\t\t\t\t\t\t\t<span class=\"sow-field-container\">\n\t\t\t\t\t\t\t<textarea\n\t\t\tname=\"message-562e5fae0271d\"\n\t\t\tid=\"sow-contact-form-field-message-562e5fae0271d\"\n\t\t\trows=\"10\"\n\t\t\t\t\t\t\t\t><\/textarea>\n\t\t\t\t\t\t<\/span>\n\t\t\t\t\t\t\t<\/div>\n\t\t\t\n\t\t\n\t\t<div class=\"sow-submit-wrapper \">\n\n\t\t\t<button\n\t\t\t\ttype=\"submit\"\n\t\t\t\tclass=\"sow-submit\"\n\t\t\t\t\t\t\t>\n\t\t\t\tContact Us\t\t\t<\/button>\n\t\t<\/div>\n\t\t\t\t<input type=\"hidden\" name=\"instance_hash\" value=\"624baa9b459c7cf3f284994406d80a64\" \/>\n\t\t<input type=\"hidden\" id=\"_wpnonce\" name=\"_wpnonce\" value=\"6c29f98457\" \/><input type=\"hidden\" name=\"_wp_http_referer\" value=\"\/index.php\/wp-json\/wp\/v2\/pages\/26\" \/>\t<\/form>\n\t<\/div><\/div><\/div><div id=\"pgc-gb26-69e4de75e6a8b-0-1\"  class=\"panel-grid-cell\" ><div id=\"panel-gb26-69e4de75e6a8b-0-1-0\" class=\"so-panel widget widget_sow-headline panel-first-child\" data-index=\"2\" ><div\n\t\t\t\n\t\t\tclass=\"so-widget-sow-headline so-widget-sow-headline-default-b71fce87a7d6-26\"\n\t\t\t\n\t\t><div class=\"sow-headline-container \">\n\t\t\t\t\t\t\t<h2 class=\"sow-headline\">\n\t\t\t\t\t\tKontakt Information\t\t\t\t\t\t<\/h2>\n\t\t\t\t\t\t<\/div>\n<\/div><\/div><div id=\"panel-gb26-69e4de75e6a8b-0-1-1\" class=\"so-panel widget widget_sow-editor\" data-index=\"3\" ><div\n\t\t\t\n\t\t\tclass=\"so-widget-sow-editor so-widget-sow-editor-base\"\n\t\t\t\n\t\t>\n<div class=\"siteorigin-widget-tinymce textwidget\">\n\t<p><em><span style=\"color: #818181;\">Skflyttst\u00e4dning<\/span><\/em><br \/>\n<em><span style=\"color: #818181;\">Umea, Sofihemsvagen 71<\/span><\/em><br \/>\n<em><span style=\"color: #818181;\">Sweden<\/span><\/em><br \/>\n<em><span style=\"color: #818181;\">90738<\/span><\/em><br \/>\n<em><span style=\"color: #818181;\">072-2890134<\/span><\/em><br \/>\n<em><span style=\"color: #818181;\">info@Skflyttstadning.com<\/span><\/em><\/p>\n<\/div>\n<\/div><\/div><div id=\"panel-gb26-69e4de75e6a8b-0-1-2\" class=\"so-panel widget widget_sow-social-media-buttons panel-last-child\" data-index=\"4\" ><div\n\t\t\t\n\t\t\tclass=\"so-widget-sow-social-media-buttons so-widget-sow-social-media-buttons-flat-65b5a9d95efd-26\"\n\t\t\t\n\t\t>\n\n<div class=\"social-media-button-container\">\n\t\n\t\t<a class=\"ow-button-hover sow-social-media-button-facebook-0 sow-social-media-button\" title=\"SKflyttst\u00e4dning on Facebook\" aria-label=\"SKflyttst\u00e4dning on Facebook\" target=\"_blank\" rel=\"noopener noreferrer\" href=\"https:\/\/www.facebook.com\/\" >\n\t\t\t<span>\n\t\t\t\t\t\t\t\t<span class=\"sow-icon-fontawesome sow-fab\" data-sow-icon=\"&#xf39e;\"\n\t\t \n\t\taria-hidden=\"true\"><\/span>\t\t\t\t\t\t\t<\/span>\n\t\t<\/a>\n\t\n\t\t<a class=\"ow-button-hover sow-social-media-button-x-twitter-0 sow-social-media-button\" title=\"SKflyttst\u00e4dning on X Twitter\" aria-label=\"SKflyttst\u00e4dning on X Twitter\" target=\"_blank\" rel=\"noopener noreferrer\" href=\"https:\/\/twitter.com\/\" >\n\t\t\t<span>\n\t\t\t\t\t\t\t\t<span class=\"sow-icon-fontawesome sow-fab\" data-sow-icon=\"&#xe61b;\"\n\t\t \n\t\taria-hidden=\"true\"><\/span>\t\t\t\t\t\t\t<\/span>\n\t\t<\/a>\n\t\n\t\t<a class=\"ow-button-hover sow-social-media-button-instagram-0 sow-social-media-button\" title=\"SKflyttst\u00e4dning on Instagram\" aria-label=\"SKflyttst\u00e4dning on Instagram\" target=\"_blank\" rel=\"noopener noreferrer\" href=\"https:\/\/instagram.com\/\" >\n\t\t\t<span>\n\t\t\t\t\t\t\t\t<span class=\"sow-icon-fontawesome sow-fab\" data-sow-icon=\"&#xf16d;\"\n\t\t \n\t\taria-hidden=\"true\"><\/span>\t\t\t\t\t\t\t<\/span>\n\t\t<\/a>\n\t\n\t\t<a class=\"ow-button-hover sow-social-media-button-envelope-0 sow-social-media-button\" title=\"SKflyttst\u00e4dning on Envelope\" aria-label=\"SKflyttst\u00e4dning on Envelope\" target=\"_blank\" rel=\"noopener noreferrer\" href=\"mailto:\" >\n\t\t\t<span>\n\t\t\t\t\t\t\t\t<span class=\"sow-icon-fontawesome sow-fas\" data-sow-icon=\"&#xf0e0;\"\n\t\t \n\t\taria-hidden=\"true\"><\/span>\t\t\t\t\t\t\t<\/span>\n\t\t<\/a>\n\t<\/div>\n<\/div><\/div><\/div><\/div><\/div><\/div>","protected":false},"excerpt":{"rendered":"<p>F\u00f6nsterputsning V\u00e5rt professionella team tar hand om dina f\u00f6nster med expertis och noggrannhet, vilket ger dig en felfri utsikt. L\u00e5t oss g\u00f6ra dina f\u00f6nster krispigt rena och njut av en klarare vardag. Flyttst\u00e4dning V\u00e5r flyttst\u00e4dningstj\u00e4nst tar hand om all reng\u00f6ring n\u00e4r du flyttar, s\u00e5 att du kan fokusera p\u00e5 det viktiga &#8211; din nya b\u00f6rjan.&hellip;<\/p>\n","protected":false},"author":1,"featured_media":0,"parent":0,"menu_order":0,"comment_status":"closed","ping_status":"closed","template":"","meta":{"footnotes":""},"class_list":["post-26","page","type-page","status-publish","hentry","post"],"yoast_head":"<!-- This site is optimized with the Yoast SEO plugin v24.0 - https:\/\/yoast.com\/wordpress\/plugins\/seo\/ -->\n<title>Tj\u00e4nster - SKflyttst\u00e4dning<\/title>\n<meta name=\"robots\" content=\"index, follow, max-snippet:-1, max-image-preview:large, max-video-preview:-1\" \/>\n<link rel=\"canonical\" href=\"https:\/\/skflyttstadning.com\/index.php\/home\/\" \/>\n<meta property=\"og:locale\" content=\"en_US\" \/>\n<meta property=\"og:type\" content=\"article\" \/>\n<meta property=\"og:title\" content=\"Tj\u00e4nster - SKflyttst\u00e4dning\" \/>\n<meta property=\"og:description\" content=\"F\u00f6nsterputsning V\u00e5rt professionella team tar hand om dina f\u00f6nster med expertis och noggrannhet, vilket ger dig en felfri utsikt. L\u00e5t oss g\u00f6ra dina f\u00f6nster krispigt rena och njut av en klarare vardag. Flyttst\u00e4dning V\u00e5r flyttst\u00e4dningstj\u00e4nst tar hand om all reng\u00f6ring n\u00e4r du flyttar, s\u00e5 att du kan fokusera p\u00e5 det viktiga &#8211; din nya b\u00f6rjan.&hellip;\" \/>\n<meta property=\"og:url\" content=\"https:\/\/skflyttstadning.com\/index.php\/home\/\" \/>\n<meta property=\"og:site_name\" content=\"SKflyttst\u00e4dning\" \/>\n<meta property=\"article:modified_time\" content=\"2025-01-05T20:07:32+00:00\" \/>\n<meta property=\"og:image\" content=\"https:\/\/jashodacleaningservices.se\/wp-content\/uploads\/2024\/10\/window-cleaning-1024x683.webp\" \/>\n<meta name=\"twitter:card\" content=\"summary_large_image\" \/>\n<meta name=\"twitter:label1\" content=\"Est. reading time\" \/>\n\t<meta name=\"twitter:data1\" content=\"1 minute\" \/>\n<script type=\"application\/ld+json\" class=\"yoast-schema-graph\">{\"@context\":\"https:\/\/schema.org\",\"@graph\":[{\"@type\":\"WebPage\",\"@id\":\"https:\/\/skflyttstadning.com\/index.php\/home\/\",\"url\":\"https:\/\/skflyttstadning.com\/index.php\/home\/\",\"name\":\"Tj\u00e4nster - SKflyttst\u00e4dning\",\"isPartOf\":{\"@id\":\"https:\/\/skflyttstadning.com\/#website\"},\"primaryImageOfPage\":{\"@id\":\"https:\/\/skflyttstadning.com\/index.php\/home\/#primaryimage\"},\"image\":{\"@id\":\"https:\/\/skflyttstadning.com\/index.php\/home\/#primaryimage\"},\"thumbnailUrl\":\"https:\/\/jashodacleaningservices.se\/wp-content\/uploads\/2024\/10\/window-cleaning-1024x683.webp\",\"datePublished\":\"2024-12-06T17:40:23+00:00\",\"dateModified\":\"2025-01-05T20:07:32+00:00\",\"breadcrumb\":{\"@id\":\"https:\/\/skflyttstadning.com\/index.php\/home\/#breadcrumb\"},\"inLanguage\":\"en-US\",\"potentialAction\":[{\"@type\":\"ReadAction\",\"target\":[\"https:\/\/skflyttstadning.com\/index.php\/home\/\"]}]},{\"@type\":\"ImageObject\",\"inLanguage\":\"en-US\",\"@id\":\"https:\/\/skflyttstadning.com\/index.php\/home\/#primaryimage\",\"url\":\"https:\/\/jashodacleaningservices.se\/wp-content\/uploads\/2024\/10\/window-cleaning-1024x683.webp\",\"contentUrl\":\"https:\/\/jashodacleaningservices.se\/wp-content\/uploads\/2024\/10\/window-cleaning-1024x683.webp\"},{\"@type\":\"BreadcrumbList\",\"@id\":\"https:\/\/skflyttstadning.com\/index.php\/home\/#breadcrumb\",\"itemListElement\":[{\"@type\":\"ListItem\",\"position\":1,\"name\":\"Home\",\"item\":\"https:\/\/skflyttstadning.com\/\"},{\"@type\":\"ListItem\",\"position\":2,\"name\":\"Tj\u00e4nster\"}]},{\"@type\":\"WebSite\",\"@id\":\"https:\/\/skflyttstadning.com\/#website\",\"url\":\"https:\/\/skflyttstadning.com\/\",\"name\":\"SKflyttst\u00e4dning\",\"description\":\"Your Trusted Cleaning Partner in Sweden\",\"potentialAction\":[{\"@type\":\"SearchAction\",\"target\":{\"@type\":\"EntryPoint\",\"urlTemplate\":\"https:\/\/skflyttstadning.com\/?s={search_term_string}\"},\"query-input\":{\"@type\":\"PropertyValueSpecification\",\"valueRequired\":true,\"valueName\":\"search_term_string\"}}],\"inLanguage\":\"en-US\"}]}<\/script>\n<!-- \/ Yoast SEO plugin. -->","yoast_head_json":{"title":"Tj\u00e4nster - SKflyttst\u00e4dning","robots":{"index":"index","follow":"follow","max-snippet":"max-snippet:-1","max-image-preview":"max-image-preview:large","max-video-preview":"max-video-preview:-1"},"canonical":"https:\/\/skflyttstadning.com\/index.php\/home\/","og_locale":"en_US","og_type":"article","og_title":"Tj\u00e4nster - SKflyttst\u00e4dning","og_description":"F\u00f6nsterputsning V\u00e5rt professionella team tar hand om dina f\u00f6nster med expertis och noggrannhet, vilket ger dig en felfri utsikt. L\u00e5t oss g\u00f6ra dina f\u00f6nster krispigt rena och njut av en klarare vardag. Flyttst\u00e4dning V\u00e5r flyttst\u00e4dningstj\u00e4nst tar hand om all reng\u00f6ring n\u00e4r du flyttar, s\u00e5 att du kan fokusera p\u00e5 det viktiga &#8211; din nya b\u00f6rjan.&hellip;","og_url":"https:\/\/skflyttstadning.com\/index.php\/home\/","og_site_name":"SKflyttst\u00e4dning","article_modified_time":"2025-01-05T20:07:32+00:00","og_image":[{"url":"https:\/\/jashodacleaningservices.se\/wp-content\/uploads\/2024\/10\/window-cleaning-1024x683.webp","type":"","width":"","height":""}],"twitter_card":"summary_large_image","twitter_misc":{"Est. reading time":"1 minute"},"schema":{"@context":"https:\/\/schema.org","@graph":[{"@type":"WebPage","@id":"https:\/\/skflyttstadning.com\/index.php\/home\/","url":"https:\/\/skflyttstadning.com\/index.php\/home\/","name":"Tj\u00e4nster - SKflyttst\u00e4dning","isPartOf":{"@id":"https:\/\/skflyttstadning.com\/#website"},"primaryImageOfPage":{"@id":"https:\/\/skflyttstadning.com\/index.php\/home\/#primaryimage"},"image":{"@id":"https:\/\/skflyttstadning.com\/index.php\/home\/#primaryimage"},"thumbnailUrl":"https:\/\/jashodacleaningservices.se\/wp-content\/uploads\/2024\/10\/window-cleaning-1024x683.webp","datePublished":"2024-12-06T17:40:23+00:00","dateModified":"2025-01-05T20:07:32+00:00","breadcrumb":{"@id":"https:\/\/skflyttstadning.com\/index.php\/home\/#breadcrumb"},"inLanguage":"en-US","potentialAction":[{"@type":"ReadAction","target":["https:\/\/skflyttstadning.com\/index.php\/home\/"]}]},{"@type":"ImageObject","inLanguage":"en-US","@id":"https:\/\/skflyttstadning.com\/index.php\/home\/#primaryimage","url":"https:\/\/jashodacleaningservices.se\/wp-content\/uploads\/2024\/10\/window-cleaning-1024x683.webp","contentUrl":"https:\/\/jashodacleaningservices.se\/wp-content\/uploads\/2024\/10\/window-cleaning-1024x683.webp"},{"@type":"BreadcrumbList","@id":"https:\/\/skflyttstadning.com\/index.php\/home\/#breadcrumb","itemListElement":[{"@type":"ListItem","position":1,"name":"Home","item":"https:\/\/skflyttstadning.com\/"},{"@type":"ListItem","position":2,"name":"Tj\u00e4nster"}]},{"@type":"WebSite","@id":"https:\/\/skflyttstadning.com\/#website","url":"https:\/\/skflyttstadning.com\/","name":"SKflyttst\u00e4dning","description":"Your Trusted Cleaning Partner in Sweden","potentialAction":[{"@type":"SearchAction","target":{"@type":"EntryPoint","urlTemplate":"https:\/\/skflyttstadning.com\/?s={search_term_string}"},"query-input":{"@type":"PropertyValueSpecification","valueRequired":true,"valueName":"search_term_string"}}],"inLanguage":"en-US"}]}},"_links":{"self":[{"href":"https:\/\/skflyttstadning.com\/index.php\/wp-json\/wp\/v2\/pages\/26","targetHints":{"allow":["GET"]}}],"collection":[{"href":"https:\/\/skflyttstadning.com\/index.php\/wp-json\/wp\/v2\/pages"}],"about":[{"href":"https:\/\/skflyttstadning.com\/index.php\/wp-json\/wp\/v2\/types\/page"}],"author":[{"embeddable":true,"href":"https:\/\/skflyttstadning.com\/index.php\/wp-json\/wp\/v2\/users\/1"}],"replies":[{"embeddable":true,"href":"https:\/\/skflyttstadning.com\/index.php\/wp-json\/wp\/v2\/comments?post=26"}],"version-history":[{"count":10,"href":"https:\/\/skflyttstadning.com\/index.php\/wp-json\/wp\/v2\/pages\/26\/revisions"}],"predecessor-version":[{"id":152,"href":"https:\/\/skflyttstadning.com\/index.php\/wp-json\/wp\/v2\/pages\/26\/revisions\/152"}],"wp:attachment":[{"href":"https:\/\/skflyttstadning.com\/index.php\/wp-json\/wp\/v2\/media?parent=26"}],"curies":[{"name":"wp","href":"https:\/\/api.w.org\/{rel}","templated":true}]}}